{"id":651,"date":"2017-01-11T09:22:59","date_gmt":"2017-01-11T09:22:59","guid":{"rendered":"http:\/\/instoreagency.se\/?page_id=651"},"modified":"2026-04-13T07:42:19","modified_gmt":"2026-04-13T07:42:19","slug":"miljoe","status":"publish","type":"page","link":"https:\/\/instoreagency.se\/da\/om-os\/miljoe\/","title":{"rendered":"Milj\u00f8"},"content":{"rendered":"<p id=\"tw-target-text\" class=\"tw-data-text tw-text-large tw-ta\" dir=\"ltr\" data-placeholder=\"\u00d6vers\u00e4ttning\" aria-label=\"\u00d6versatt text\" data-ved=\"2ahUKEwifm_D3o4CFAxXBGhAIHQHODL0Q3ewLegQIBRAU\"><span class=\"Y2IQFc\" lang=\"da\">Hele 87 % af materialet i vores plastikb\u00f8jler bliver genbrugt, og vi har vores egne genbrugscentre i Lidk\u00f6ping og p\u00e5 fabrikken i Gorzow. <\/span>Vi har vores eget genvindingsprogram, hvor vi sammen med vores kunder har sparet over 2.500 ton polystyren i l\u00f8bet af de seneste fem \u00e5r. I samme periode har vi ogs\u00e5 repareret over 500.000 b\u00f8jler p\u00e5 vores lager i Lidk\u00f6ping.<\/p>\n<p>Genvinding er ikke kun en gevinst for milj\u00f8et, men ogs\u00e5 for dig som kunde, som f\u00e5r erstatning for det materiale, du genvinder hos os. L\u00e6ngere nede p\u00e5 siden kan du se, hvordan vores kredsl\u00f8b fungerer.<\/p>\n","protected":false},"excerpt":{"rendered":"<p>Hele 87 % af materialet i vores plastikb\u00f8jler bliver genbrugt, og vi har vores egne genbrugscentre i Lidk\u00f6ping og p\u00e5 fabrikken i Gorzow. Vi har vores eget genvindingsprogram, hvor vi sammen med vores kunder har sparet over 2.500 ton polystyren i l\u00f8bet af de seneste fem \u00e5r. I samme periode har vi ogs\u00e5 repareret over [&hellip;]<\/p>\n","protected":false},"author":1,"featured_media":0,"parent":649,"menu_order":2,"comment_status":"closed","ping_status":"closed","template":"page-templates\/about-page.php","meta":{"content-type":"","_monsterinsights_skip_tracking":false,"_monsterinsights_sitenote_active":false,"_monsterinsights_sitenote_note":"","_monsterinsights_sitenote_category":0,"_locale":"da_DK","_original_post":"43","footnotes":""},"class_list":["post-651","page","type-page","status-publish","hentry","da-DK"],"acf":[],"yoast_head":"<!-- This site is optimized with the Yoast SEO plugin v27.3 - https:\/\/yoast.com\/product\/yoast-seo-wordpress\/ -->\n<title>Milj\u00f8 - Instore Agency Milj\u00f8 &amp; b\u00e6redygtighed<\/title>\n<meta name=\"description\" content=\"Hos Instore Agency fokuserer vi p\u00e5 b\u00e6redygtighed med 87 % genanvendt materiale, smart logistik, gr\u00f8n energi og ISO\u2011certificerede processer.\" \/>\n<meta name=\"robots\" content=\"index, follow, max-snippet:-1, max-image-preview:large, max-video-preview:-1\" \/>\n<link rel=\"canonical\" href=\"https:\/\/instoreagency.se\/da\/om-os\/miljoe\/\" \/>\n<meta property=\"og:locale\" content=\"da_DK\" \/>\n<meta property=\"og:type\" content=\"article\" \/>\n<meta property=\"og:title\" content=\"Milj\u00f8 - Instore Agency Milj\u00f8 &amp; b\u00e6redygtighed\" \/>\n<meta property=\"og:description\" content=\"Hos Instore Agency fokuserer vi p\u00e5 b\u00e6redygtighed med 87 % genanvendt materiale, smart logistik, gr\u00f8n energi og ISO\u2011certificerede processer.\" \/>\n<meta property=\"og:url\" content=\"https:\/\/instoreagency.se\/da\/om-os\/miljoe\/\" \/>\n<meta property=\"og:site_name\" content=\"Instore Agency\" \/>\n<meta property=\"article:modified_time\" content=\"2026-04-13T07:42:19+00:00\" \/>\n<meta name=\"twitter:card\" content=\"summary_large_image\" \/>\n<meta name=\"twitter:label1\" content=\"Estimeret l\u00e6setid\" \/>\n\t<meta name=\"twitter:data1\" content=\"1 minut\" \/>\n<script type=\"application\/ld+json\" class=\"yoast-schema-graph\">{\"@context\":\"https:\\\/\\\/schema.org\",\"@graph\":[{\"@type\":\"WebPage\",\"@id\":\"https:\\\/\\\/instoreagency.se\\\/da\\\/om-os\\\/miljoe\\\/\",\"url\":\"https:\\\/\\\/instoreagency.se\\\/da\\\/om-os\\\/miljoe\\\/\",\"name\":\"Milj\u00f8 - Instore Agency Milj\u00f8 & b\u00e6redygtighed\",\"isPartOf\":{\"@id\":\"https:\\\/\\\/instoreagency.se\\\/#website\"},\"datePublished\":\"2017-01-11T09:22:59+00:00\",\"dateModified\":\"2026-04-13T07:42:19+00:00\",\"description\":\"Hos Instore Agency fokuserer vi p\u00e5 b\u00e6redygtighed med 87 % genanvendt materiale, smart logistik, gr\u00f8n energi og ISO\u2011certificerede processer.\",\"breadcrumb\":{\"@id\":\"https:\\\/\\\/instoreagency.se\\\/da\\\/om-os\\\/miljoe\\\/#breadcrumb\"},\"inLanguage\":\"da-DK\",\"potentialAction\":[{\"@type\":\"ReadAction\",\"target\":[\"https:\\\/\\\/instoreagency.se\\\/da\\\/om-os\\\/miljoe\\\/\"]}]},{\"@type\":\"BreadcrumbList\",\"@id\":\"https:\\\/\\\/instoreagency.se\\\/da\\\/om-os\\\/miljoe\\\/#breadcrumb\",\"itemListElement\":[{\"@type\":\"ListItem\",\"position\":1,\"name\":\"Home\",\"item\":\"https:\\\/\\\/instoreagency.se\\\/da\\\/\"},{\"@type\":\"ListItem\",\"position\":2,\"name\":\"Om os\",\"item\":\"https:\\\/\\\/instoreagency.se\\\/da\\\/om-os\\\/\"},{\"@type\":\"ListItem\",\"position\":3,\"name\":\"Milj\u00f8\"}]},{\"@type\":\"WebSite\",\"@id\":\"https:\\\/\\\/instoreagency.se\\\/#website\",\"url\":\"https:\\\/\\\/instoreagency.se\\\/\",\"name\":\"Instore Agency\",\"description\":\"WE CARRY YOUR BRAND\",\"publisher\":{\"@id\":\"https:\\\/\\\/instoreagency.se\\\/#organization\"},\"potentialAction\":[{\"@type\":\"SearchAction\",\"target\":{\"@type\":\"EntryPoint\",\"urlTemplate\":\"https:\\\/\\\/instoreagency.se\\\/?s={search_term_string}\"},\"query-input\":{\"@type\":\"PropertyValueSpecification\",\"valueRequired\":true,\"valueName\":\"search_term_string\"}}],\"inLanguage\":\"da-DK\"},{\"@type\":\"Organization\",\"@id\":\"https:\\\/\\\/instoreagency.se\\\/#organization\",\"name\":\"Instore Agency\",\"url\":\"https:\\\/\\\/instoreagency.se\\\/\",\"logo\":{\"@type\":\"ImageObject\",\"inLanguage\":\"da-DK\",\"@id\":\"https:\\\/\\\/instoreagency.se\\\/#\\\/schema\\\/logo\\\/image\\\/\",\"url\":\"https:\\\/\\\/instoreagency.se\\\/wp-content\\\/uploads\\\/2026\\\/04\\\/Copilot_20260407_122243.png\",\"contentUrl\":\"https:\\\/\\\/instoreagency.se\\\/wp-content\\\/uploads\\\/2026\\\/04\\\/Copilot_20260407_122243.png\",\"width\":1536,\"height\":1024,\"caption\":\"Instore Agency\"},\"image\":{\"@id\":\"https:\\\/\\\/instoreagency.se\\\/#\\\/schema\\\/logo\\\/image\\\/\"}}]}<\/script>\n<!-- \/ Yoast SEO plugin. -->","yoast_head_json":{"title":"Milj\u00f8 - Instore Agency Milj\u00f8 & b\u00e6redygtighed","description":"Hos Instore Agency fokuserer vi p\u00e5 b\u00e6redygtighed med 87 % genanvendt materiale, smart logistik, gr\u00f8n energi og ISO\u2011certificerede processer.","robots":{"index":"index","follow":"follow","max-snippet":"max-snippet:-1","max-image-preview":"max-image-preview:large","max-video-preview":"max-video-preview:-1"},"canonical":"https:\/\/instoreagency.se\/da\/om-os\/miljoe\/","og_locale":"da_DK","og_type":"article","og_title":"Milj\u00f8 - Instore Agency Milj\u00f8 & b\u00e6redygtighed","og_description":"Hos Instore Agency fokuserer vi p\u00e5 b\u00e6redygtighed med 87 % genanvendt materiale, smart logistik, gr\u00f8n energi og ISO\u2011certificerede processer.","og_url":"https:\/\/instoreagency.se\/da\/om-os\/miljoe\/","og_site_name":"Instore Agency","article_modified_time":"2026-04-13T07:42:19+00:00","twitter_card":"summary_large_image","twitter_misc":{"Estimeret l\u00e6setid":"1 minut"},"schema":{"@context":"https:\/\/schema.org","@graph":[{"@type":"WebPage","@id":"https:\/\/instoreagency.se\/da\/om-os\/miljoe\/","url":"https:\/\/instoreagency.se\/da\/om-os\/miljoe\/","name":"Milj\u00f8 - Instore Agency Milj\u00f8 & b\u00e6redygtighed","isPartOf":{"@id":"https:\/\/instoreagency.se\/#website"},"datePublished":"2017-01-11T09:22:59+00:00","dateModified":"2026-04-13T07:42:19+00:00","description":"Hos Instore Agency fokuserer vi p\u00e5 b\u00e6redygtighed med 87 % genanvendt materiale, smart logistik, gr\u00f8n energi og ISO\u2011certificerede processer.","breadcrumb":{"@id":"https:\/\/instoreagency.se\/da\/om-os\/miljoe\/#breadcrumb"},"inLanguage":"da-DK","potentialAction":[{"@type":"ReadAction","target":["https:\/\/instoreagency.se\/da\/om-os\/miljoe\/"]}]},{"@type":"BreadcrumbList","@id":"https:\/\/instoreagency.se\/da\/om-os\/miljoe\/#breadcrumb","itemListElement":[{"@type":"ListItem","position":1,"name":"Home","item":"https:\/\/instoreagency.se\/da\/"},{"@type":"ListItem","position":2,"name":"Om os","item":"https:\/\/instoreagency.se\/da\/om-os\/"},{"@type":"ListItem","position":3,"name":"Milj\u00f8"}]},{"@type":"WebSite","@id":"https:\/\/instoreagency.se\/#website","url":"https:\/\/instoreagency.se\/","name":"Instore Agency","description":"WE CARRY YOUR BRAND","publisher":{"@id":"https:\/\/instoreagency.se\/#organization"},"potentialAction":[{"@type":"SearchAction","target":{"@type":"EntryPoint","urlTemplate":"https:\/\/instoreagency.se\/?s={search_term_string}"},"query-input":{"@type":"PropertyValueSpecification","valueRequired":true,"valueName":"search_term_string"}}],"inLanguage":"da-DK"},{"@type":"Organization","@id":"https:\/\/instoreagency.se\/#organization","name":"Instore Agency","url":"https:\/\/instoreagency.se\/","logo":{"@type":"ImageObject","inLanguage":"da-DK","@id":"https:\/\/instoreagency.se\/#\/schema\/logo\/image\/","url":"https:\/\/instoreagency.se\/wp-content\/uploads\/2026\/04\/Copilot_20260407_122243.png","contentUrl":"https:\/\/instoreagency.se\/wp-content\/uploads\/2026\/04\/Copilot_20260407_122243.png","width":1536,"height":1024,"caption":"Instore Agency"},"image":{"@id":"https:\/\/instoreagency.se\/#\/schema\/logo\/image\/"}}]}},"_links":{"self":[{"href":"https:\/\/instoreagency.se\/wp-json\/wp\/v2\/pages\/651","targetHints":{"allow":["GET"]}}],"collection":[{"href":"https:\/\/instoreagency.se\/wp-json\/wp\/v2\/pages"}],"about":[{"href":"https:\/\/instoreagency.se\/wp-json\/wp\/v2\/types\/page"}],"author":[{"embeddable":true,"href":"https:\/\/instoreagency.se\/wp-json\/wp\/v2\/users\/1"}],"replies":[{"embeddable":true,"href":"https:\/\/instoreagency.se\/wp-json\/wp\/v2\/comments?post=651"}],"version-history":[{"count":32,"href":"https:\/\/instoreagency.se\/wp-json\/wp\/v2\/pages\/651\/revisions"}],"predecessor-version":[{"id":3265,"href":"https:\/\/instoreagency.se\/wp-json\/wp\/v2\/pages\/651\/revisions\/3265"}],"up":[{"embeddable":true,"href":"https:\/\/instoreagency.se\/wp-json\/wp\/v2\/pages\/649"}],"wp:attachment":[{"href":"https:\/\/instoreagency.se\/wp-json\/wp\/v2\/media?parent=651"}],"curies":[{"name":"wp","href":"https:\/\/api.w.org\/{rel}","templated":true}]}}