{"id":652,"date":"2017-01-11T09:27:06","date_gmt":"2017-01-11T09:27:06","guid":{"rendered":"http:\/\/instoreagency.se\/?page_id=652"},"modified":"2026-04-13T07:46:19","modified_gmt":"2026-04-13T07:46:19","slug":"metode","status":"publish","type":"page","link":"https:\/\/instoreagency.se\/da\/om-os\/metode\/","title":{"rendered":"Metode"},"content":{"rendered":"","protected":false},"excerpt":{"rendered":"","protected":false},"author":1,"featured_media":0,"parent":649,"menu_order":3,"comment_status":"closed","ping_status":"closed","template":"page-templates\/about-page.php","meta":{"content-type":"","_monsterinsights_skip_tracking":false,"_monsterinsights_sitenote_active":false,"_monsterinsights_sitenote_note":"","_monsterinsights_sitenote_category":0,"_locale":"da_DK","_original_post":"45","footnotes":""},"class_list":["post-652","page","type-page","status-publish","hentry","da-DK"],"acf":[],"yoast_head":"<!-- This site is optimized with the Yoast SEO plugin v27.3 - https:\/\/yoast.com\/product\/yoast-seo-wordpress\/ -->\n<title>Metode - Instore Agency Metoden bag vores arbejde<\/title>\n<meta name=\"description\" content=\"Se vores metode: produktvalg, kreative l\u00f8sninger og global logistik, der g\u00f8r butikseksponering enklere og mere b\u00e6redygtig.\" \/>\n<meta name=\"robots\" content=\"index, follow, max-snippet:-1, max-image-preview:large, max-video-preview:-1\" \/>\n<link rel=\"canonical\" href=\"https:\/\/instoreagency.se\/da\/om-os\/metode\/\" \/>\n<meta property=\"og:locale\" content=\"da_DK\" \/>\n<meta property=\"og:type\" content=\"article\" \/>\n<meta property=\"og:title\" content=\"Metode - Instore Agency Metoden bag vores arbejde\" \/>\n<meta property=\"og:description\" content=\"Se vores metode: produktvalg, kreative l\u00f8sninger og global logistik, der g\u00f8r butikseksponering enklere og mere b\u00e6redygtig.\" \/>\n<meta property=\"og:url\" content=\"https:\/\/instoreagency.se\/da\/om-os\/metode\/\" \/>\n<meta property=\"og:site_name\" content=\"Instore Agency\" \/>\n<meta property=\"article:modified_time\" content=\"2026-04-13T07:46:19+00:00\" \/>\n<meta name=\"twitter:card\" content=\"summary_large_image\" \/>\n<script type=\"application\/ld+json\" class=\"yoast-schema-graph\">{\"@context\":\"https:\\\/\\\/schema.org\",\"@graph\":[{\"@type\":\"WebPage\",\"@id\":\"https:\\\/\\\/instoreagency.se\\\/da\\\/om-os\\\/metode\\\/\",\"url\":\"https:\\\/\\\/instoreagency.se\\\/da\\\/om-os\\\/metode\\\/\",\"name\":\"Metode - Instore Agency Metoden bag vores arbejde\",\"isPartOf\":{\"@id\":\"https:\\\/\\\/instoreagency.se\\\/#website\"},\"datePublished\":\"2017-01-11T09:27:06+00:00\",\"dateModified\":\"2026-04-13T07:46:19+00:00\",\"description\":\"Se vores metode: produktvalg, kreative l\u00f8sninger og global logistik, der g\u00f8r butikseksponering enklere og mere b\u00e6redygtig.\",\"breadcrumb\":{\"@id\":\"https:\\\/\\\/instoreagency.se\\\/da\\\/om-os\\\/metode\\\/#breadcrumb\"},\"inLanguage\":\"da-DK\",\"potentialAction\":[{\"@type\":\"ReadAction\",\"target\":[\"https:\\\/\\\/instoreagency.se\\\/da\\\/om-os\\\/metode\\\/\"]}]},{\"@type\":\"BreadcrumbList\",\"@id\":\"https:\\\/\\\/instoreagency.se\\\/da\\\/om-os\\\/metode\\\/#breadcrumb\",\"itemListElement\":[{\"@type\":\"ListItem\",\"position\":1,\"name\":\"Home\",\"item\":\"https:\\\/\\\/instoreagency.se\\\/da\\\/\"},{\"@type\":\"ListItem\",\"position\":2,\"name\":\"Om os\",\"item\":\"https:\\\/\\\/instoreagency.se\\\/da\\\/om-os\\\/\"},{\"@type\":\"ListItem\",\"position\":3,\"name\":\"Metode\"}]},{\"@type\":\"WebSite\",\"@id\":\"https:\\\/\\\/instoreagency.se\\\/#website\",\"url\":\"https:\\\/\\\/instoreagency.se\\\/\",\"name\":\"Instore Agency\",\"description\":\"WE CARRY YOUR BRAND\",\"publisher\":{\"@id\":\"https:\\\/\\\/instoreagency.se\\\/#organization\"},\"potentialAction\":[{\"@type\":\"SearchAction\",\"target\":{\"@type\":\"EntryPoint\",\"urlTemplate\":\"https:\\\/\\\/instoreagency.se\\\/?s={search_term_string}\"},\"query-input\":{\"@type\":\"PropertyValueSpecification\",\"valueRequired\":true,\"valueName\":\"search_term_string\"}}],\"inLanguage\":\"da-DK\"},{\"@type\":\"Organization\",\"@id\":\"https:\\\/\\\/instoreagency.se\\\/#organization\",\"name\":\"Instore Agency\",\"url\":\"https:\\\/\\\/instoreagency.se\\\/\",\"logo\":{\"@type\":\"ImageObject\",\"inLanguage\":\"da-DK\",\"@id\":\"https:\\\/\\\/instoreagency.se\\\/#\\\/schema\\\/logo\\\/image\\\/\",\"url\":\"https:\\\/\\\/instoreagency.se\\\/wp-content\\\/uploads\\\/2026\\\/04\\\/Copilot_20260407_122243.png\",\"contentUrl\":\"https:\\\/\\\/instoreagency.se\\\/wp-content\\\/uploads\\\/2026\\\/04\\\/Copilot_20260407_122243.png\",\"width\":1536,\"height\":1024,\"caption\":\"Instore Agency\"},\"image\":{\"@id\":\"https:\\\/\\\/instoreagency.se\\\/#\\\/schema\\\/logo\\\/image\\\/\"}}]}<\/script>\n<!-- \/ Yoast SEO plugin. -->","yoast_head_json":{"title":"Metode - Instore Agency Metoden bag vores arbejde","description":"Se vores metode: produktvalg, kreative l\u00f8sninger og global logistik, der g\u00f8r butikseksponering enklere og mere b\u00e6redygtig.","robots":{"index":"index","follow":"follow","max-snippet":"max-snippet:-1","max-image-preview":"max-image-preview:large","max-video-preview":"max-video-preview:-1"},"canonical":"https:\/\/instoreagency.se\/da\/om-os\/metode\/","og_locale":"da_DK","og_type":"article","og_title":"Metode - Instore Agency Metoden bag vores arbejde","og_description":"Se vores metode: produktvalg, kreative l\u00f8sninger og global logistik, der g\u00f8r butikseksponering enklere og mere b\u00e6redygtig.","og_url":"https:\/\/instoreagency.se\/da\/om-os\/metode\/","og_site_name":"Instore Agency","article_modified_time":"2026-04-13T07:46:19+00:00","twitter_card":"summary_large_image","schema":{"@context":"https:\/\/schema.org","@graph":[{"@type":"WebPage","@id":"https:\/\/instoreagency.se\/da\/om-os\/metode\/","url":"https:\/\/instoreagency.se\/da\/om-os\/metode\/","name":"Metode - Instore Agency Metoden bag vores arbejde","isPartOf":{"@id":"https:\/\/instoreagency.se\/#website"},"datePublished":"2017-01-11T09:27:06+00:00","dateModified":"2026-04-13T07:46:19+00:00","description":"Se vores metode: produktvalg, kreative l\u00f8sninger og global logistik, der g\u00f8r butikseksponering enklere og mere b\u00e6redygtig.","breadcrumb":{"@id":"https:\/\/instoreagency.se\/da\/om-os\/metode\/#breadcrumb"},"inLanguage":"da-DK","potentialAction":[{"@type":"ReadAction","target":["https:\/\/instoreagency.se\/da\/om-os\/metode\/"]}]},{"@type":"BreadcrumbList","@id":"https:\/\/instoreagency.se\/da\/om-os\/metode\/#breadcrumb","itemListElement":[{"@type":"ListItem","position":1,"name":"Home","item":"https:\/\/instoreagency.se\/da\/"},{"@type":"ListItem","position":2,"name":"Om os","item":"https:\/\/instoreagency.se\/da\/om-os\/"},{"@type":"ListItem","position":3,"name":"Metode"}]},{"@type":"WebSite","@id":"https:\/\/instoreagency.se\/#website","url":"https:\/\/instoreagency.se\/","name":"Instore Agency","description":"WE CARRY YOUR BRAND","publisher":{"@id":"https:\/\/instoreagency.se\/#organization"},"potentialAction":[{"@type":"SearchAction","target":{"@type":"EntryPoint","urlTemplate":"https:\/\/instoreagency.se\/?s={search_term_string}"},"query-input":{"@type":"PropertyValueSpecification","valueRequired":true,"valueName":"search_term_string"}}],"inLanguage":"da-DK"},{"@type":"Organization","@id":"https:\/\/instoreagency.se\/#organization","name":"Instore Agency","url":"https:\/\/instoreagency.se\/","logo":{"@type":"ImageObject","inLanguage":"da-DK","@id":"https:\/\/instoreagency.se\/#\/schema\/logo\/image\/","url":"https:\/\/instoreagency.se\/wp-content\/uploads\/2026\/04\/Copilot_20260407_122243.png","contentUrl":"https:\/\/instoreagency.se\/wp-content\/uploads\/2026\/04\/Copilot_20260407_122243.png","width":1536,"height":1024,"caption":"Instore Agency"},"image":{"@id":"https:\/\/instoreagency.se\/#\/schema\/logo\/image\/"}}]}},"_links":{"self":[{"href":"https:\/\/instoreagency.se\/wp-json\/wp\/v2\/pages\/652","targetHints":{"allow":["GET"]}}],"collection":[{"href":"https:\/\/instoreagency.se\/wp-json\/wp\/v2\/pages"}],"about":[{"href":"https:\/\/instoreagency.se\/wp-json\/wp\/v2\/types\/page"}],"author":[{"embeddable":true,"href":"https:\/\/instoreagency.se\/wp-json\/wp\/v2\/users\/1"}],"replies":[{"embeddable":true,"href":"https:\/\/instoreagency.se\/wp-json\/wp\/v2\/comments?post=652"}],"version-history":[{"count":4,"href":"https:\/\/instoreagency.se\/wp-json\/wp\/v2\/pages\/652\/revisions"}],"predecessor-version":[{"id":770,"href":"https:\/\/instoreagency.se\/wp-json\/wp\/v2\/pages\/652\/revisions\/770"}],"up":[{"embeddable":true,"href":"https:\/\/instoreagency.se\/wp-json\/wp\/v2\/pages\/649"}],"wp:attachment":[{"href":"https:\/\/instoreagency.se\/wp-json\/wp\/v2\/media?parent=652"}],"curies":[{"name":"wp","href":"https:\/\/api.w.org\/{rel}","templated":true}]}}