{"id":699,"date":"2017-01-11T10:15:34","date_gmt":"2017-01-11T10:15:34","guid":{"rendered":"http:\/\/instoreagency.se\/?page_id=699"},"modified":"2026-04-13T06:50:37","modified_gmt":"2026-04-13T06:50:37","slug":"hem","status":"publish","type":"page","link":"https:\/\/instoreagency.se\/","title":{"rendered":"Hem"},"content":{"rendered":"<p>Instore Agency er enkelt. Du st\u00e5r for al den faste butikseksponering. Vi st\u00e5r for den bev\u00e6gelige. Du har et brand, et reklamekoncept og en butiksindretning. Vi har b\u00f8jlerne, poserne, gaveindpakningen, mannequinerne og alle andre materialer i og uden for butikken. Her er vi i en klasse for os selv. For vi g\u00f8r mere end blot at s\u00e6lge produkter. Med os f\u00e5r du en kreativ partner, som kan komme med forslag og innovative l\u00f8sninger, som l\u00f8fter din butik yderligere. Det har vi gjort siden 50&#8217;erne. Og vi elsker det.<\/p>\n","protected":false},"excerpt":{"rendered":"<p>Instore Agency er enkelt. Du st\u00e5r for al den faste butikseksponering. Vi st\u00e5r for den bev\u00e6gelige. Du har et brand, et reklamekoncept og en butiksindretning. Vi har b\u00f8jlerne, poserne, gaveindpakningen, mannequinerne og alle andre materialer i og uden for butikken. Her er vi i en klasse for os selv. For vi g\u00f8r mere end blot [&hellip;]<\/p>\n","protected":false},"author":1,"featured_media":1868,"parent":0,"menu_order":0,"comment_status":"closed","ping_status":"closed","template":"page-templates\/home-page.php","meta":{"content-type":"","_monsterinsights_skip_tracking":false,"_monsterinsights_sitenote_active":false,"_monsterinsights_sitenote_note":"","_monsterinsights_sitenote_category":0,"_locale":"da_DK","_original_post":"5","footnotes":""},"class_list":["post-699","page","type-page","status-publish","has-post-thumbnail","hentry","da-DK"],"acf":[],"yoast_head":"<!-- This site is optimized with the Yoast SEO plugin v27.3 - https:\/\/yoast.com\/product\/yoast-seo-wordpress\/ -->\n<title>Hem - Instore Agency Butikskommunikation og profilprodukter | Instore Agency<\/title>\n<meta name=\"description\" content=\"Instore Agency tilbyder butikskommunikation og profilprodukter til detailbranchen med fokus p\u00e5 effektive og b\u00e6redygtige l\u00f8sninger.\" \/>\n<meta name=\"robots\" content=\"index, follow, max-snippet:-1, max-image-preview:large, max-video-preview:-1\" \/>\n<link rel=\"canonical\" href=\"https:\/\/instoreagency.se\/da\/\" \/>\n<meta property=\"og:locale\" content=\"da_DK\" \/>\n<meta property=\"og:type\" content=\"article\" \/>\n<meta property=\"og:title\" content=\"Hem - Instore Agency Butikskommunikation og profilprodukter | Instore Agency\" \/>\n<meta property=\"og:description\" content=\"Instore Agency tilbyder butikskommunikation og profilprodukter til detailbranchen med fokus p\u00e5 effektive og b\u00e6redygtige l\u00f8sninger.\" \/>\n<meta property=\"og:url\" content=\"https:\/\/instoreagency.se\/da\/\" \/>\n<meta property=\"og:site_name\" content=\"Instore Agency\" \/>\n<meta property=\"article:modified_time\" content=\"2026-04-13T06:50:37+00:00\" \/>\n<meta property=\"og:image\" content=\"https:\/\/instoreagency.se\/wp-content\/uploads\/2016\/12\/ia_hanger.jpg\" \/>\n\t<meta property=\"og:image:width\" content=\"1382\" \/>\n\t<meta property=\"og:image:height\" content=\"922\" \/>\n\t<meta property=\"og:image:type\" content=\"image\/jpeg\" \/>\n<meta name=\"twitter:card\" content=\"summary_large_image\" \/>\n<meta name=\"twitter:label1\" content=\"Estimeret l\u00e6setid\" \/>\n\t<meta name=\"twitter:data1\" content=\"1 minut\" \/>\n<script type=\"application\/ld+json\" class=\"yoast-schema-graph\">{\"@context\":\"https:\\\/\\\/schema.org\",\"@graph\":[{\"@type\":\"WebPage\",\"@id\":\"https:\\\/\\\/instoreagency.se\\\/da\\\/\",\"url\":\"https:\\\/\\\/instoreagency.se\\\/da\\\/\",\"name\":\"Hem - Instore Agency Butikskommunikation og profilprodukter | Instore Agency\",\"isPartOf\":{\"@id\":\"https:\\\/\\\/instoreagency.se\\\/#website\"},\"primaryImageOfPage\":{\"@id\":\"https:\\\/\\\/instoreagency.se\\\/da\\\/#primaryimage\"},\"image\":{\"@id\":\"https:\\\/\\\/instoreagency.se\\\/da\\\/#primaryimage\"},\"thumbnailUrl\":\"https:\\\/\\\/instoreagency.se\\\/wp-content\\\/uploads\\\/2016\\\/12\\\/ia_hanger.jpg\",\"datePublished\":\"2017-01-11T10:15:34+00:00\",\"dateModified\":\"2026-04-13T06:50:37+00:00\",\"description\":\"Instore Agency tilbyder butikskommunikation og profilprodukter til detailbranchen med fokus p\u00e5 effektive og b\u00e6redygtige l\u00f8sninger.\",\"breadcrumb\":{\"@id\":\"https:\\\/\\\/instoreagency.se\\\/da\\\/#breadcrumb\"},\"inLanguage\":\"da-DK\",\"potentialAction\":[{\"@type\":\"ReadAction\",\"target\":[\"https:\\\/\\\/instoreagency.se\\\/da\\\/\"]}]},{\"@type\":\"ImageObject\",\"inLanguage\":\"da-DK\",\"@id\":\"https:\\\/\\\/instoreagency.se\\\/da\\\/#primaryimage\",\"url\":\"https:\\\/\\\/instoreagency.se\\\/wp-content\\\/uploads\\\/2016\\\/12\\\/ia_hanger.jpg\",\"contentUrl\":\"https:\\\/\\\/instoreagency.se\\\/wp-content\\\/uploads\\\/2016\\\/12\\\/ia_hanger.jpg\",\"width\":1382,\"height\":922,\"caption\":\"Galge i h\u00f8j kvalitet til detail og modebutikker\"},{\"@type\":\"BreadcrumbList\",\"@id\":\"https:\\\/\\\/instoreagency.se\\\/da\\\/#breadcrumb\",\"itemListElement\":[{\"@type\":\"ListItem\",\"position\":1,\"name\":\"Home\",\"item\":\"https:\\\/\\\/instoreagency.se\\\/da\\\/\"},{\"@type\":\"ListItem\",\"position\":2,\"name\":\"Hem\"}]},{\"@type\":\"WebSite\",\"@id\":\"https:\\\/\\\/instoreagency.se\\\/#website\",\"url\":\"https:\\\/\\\/instoreagency.se\\\/\",\"name\":\"Instore Agency\",\"description\":\"WE CARRY YOUR BRAND\",\"publisher\":{\"@id\":\"https:\\\/\\\/instoreagency.se\\\/#organization\"},\"potentialAction\":[{\"@type\":\"SearchAction\",\"target\":{\"@type\":\"EntryPoint\",\"urlTemplate\":\"https:\\\/\\\/instoreagency.se\\\/?s={search_term_string}\"},\"query-input\":{\"@type\":\"PropertyValueSpecification\",\"valueRequired\":true,\"valueName\":\"search_term_string\"}}],\"inLanguage\":\"da-DK\"},{\"@type\":\"Organization\",\"@id\":\"https:\\\/\\\/instoreagency.se\\\/#organization\",\"name\":\"Instore Agency\",\"url\":\"https:\\\/\\\/instoreagency.se\\\/\",\"logo\":{\"@type\":\"ImageObject\",\"inLanguage\":\"da-DK\",\"@id\":\"https:\\\/\\\/instoreagency.se\\\/#\\\/schema\\\/logo\\\/image\\\/\",\"url\":\"https:\\\/\\\/instoreagency.se\\\/wp-content\\\/uploads\\\/2026\\\/04\\\/Copilot_20260407_122243.png\",\"contentUrl\":\"https:\\\/\\\/instoreagency.se\\\/wp-content\\\/uploads\\\/2026\\\/04\\\/Copilot_20260407_122243.png\",\"width\":1536,\"height\":1024,\"caption\":\"Instore Agency\"},\"image\":{\"@id\":\"https:\\\/\\\/instoreagency.se\\\/#\\\/schema\\\/logo\\\/image\\\/\"}}]}<\/script>\n<!-- \/ Yoast SEO plugin. -->","yoast_head_json":{"title":"Hem - Instore Agency Butikskommunikation og profilprodukter | Instore Agency","description":"Instore Agency tilbyder butikskommunikation og profilprodukter til detailbranchen med fokus p\u00e5 effektive og b\u00e6redygtige l\u00f8sninger.","robots":{"index":"index","follow":"follow","max-snippet":"max-snippet:-1","max-image-preview":"max-image-preview:large","max-video-preview":"max-video-preview:-1"},"canonical":"https:\/\/instoreagency.se\/da\/","og_locale":"da_DK","og_type":"article","og_title":"Hem - Instore Agency Butikskommunikation og profilprodukter | Instore Agency","og_description":"Instore Agency tilbyder butikskommunikation og profilprodukter til detailbranchen med fokus p\u00e5 effektive og b\u00e6redygtige l\u00f8sninger.","og_url":"https:\/\/instoreagency.se\/da\/","og_site_name":"Instore Agency","article_modified_time":"2026-04-13T06:50:37+00:00","og_image":[{"width":1382,"height":922,"url":"https:\/\/instoreagency.se\/wp-content\/uploads\/2016\/12\/ia_hanger.jpg","type":"image\/jpeg"}],"twitter_card":"summary_large_image","twitter_misc":{"Estimeret l\u00e6setid":"1 minut"},"schema":{"@context":"https:\/\/schema.org","@graph":[{"@type":"WebPage","@id":"https:\/\/instoreagency.se\/da\/","url":"https:\/\/instoreagency.se\/da\/","name":"Hem - Instore Agency Butikskommunikation og profilprodukter | Instore Agency","isPartOf":{"@id":"https:\/\/instoreagency.se\/#website"},"primaryImageOfPage":{"@id":"https:\/\/instoreagency.se\/da\/#primaryimage"},"image":{"@id":"https:\/\/instoreagency.se\/da\/#primaryimage"},"thumbnailUrl":"https:\/\/instoreagency.se\/wp-content\/uploads\/2016\/12\/ia_hanger.jpg","datePublished":"2017-01-11T10:15:34+00:00","dateModified":"2026-04-13T06:50:37+00:00","description":"Instore Agency tilbyder butikskommunikation og profilprodukter til detailbranchen med fokus p\u00e5 effektive og b\u00e6redygtige l\u00f8sninger.","breadcrumb":{"@id":"https:\/\/instoreagency.se\/da\/#breadcrumb"},"inLanguage":"da-DK","potentialAction":[{"@type":"ReadAction","target":["https:\/\/instoreagency.se\/da\/"]}]},{"@type":"ImageObject","inLanguage":"da-DK","@id":"https:\/\/instoreagency.se\/da\/#primaryimage","url":"https:\/\/instoreagency.se\/wp-content\/uploads\/2016\/12\/ia_hanger.jpg","contentUrl":"https:\/\/instoreagency.se\/wp-content\/uploads\/2016\/12\/ia_hanger.jpg","width":1382,"height":922,"caption":"Galge i h\u00f8j kvalitet til detail og modebutikker"},{"@type":"BreadcrumbList","@id":"https:\/\/instoreagency.se\/da\/#breadcrumb","itemListElement":[{"@type":"ListItem","position":1,"name":"Home","item":"https:\/\/instoreagency.se\/da\/"},{"@type":"ListItem","position":2,"name":"Hem"}]},{"@type":"WebSite","@id":"https:\/\/instoreagency.se\/#website","url":"https:\/\/instoreagency.se\/","name":"Instore Agency","description":"WE CARRY YOUR BRAND","publisher":{"@id":"https:\/\/instoreagency.se\/#organization"},"potentialAction":[{"@type":"SearchAction","target":{"@type":"EntryPoint","urlTemplate":"https:\/\/instoreagency.se\/?s={search_term_string}"},"query-input":{"@type":"PropertyValueSpecification","valueRequired":true,"valueName":"search_term_string"}}],"inLanguage":"da-DK"},{"@type":"Organization","@id":"https:\/\/instoreagency.se\/#organization","name":"Instore Agency","url":"https:\/\/instoreagency.se\/","logo":{"@type":"ImageObject","inLanguage":"da-DK","@id":"https:\/\/instoreagency.se\/#\/schema\/logo\/image\/","url":"https:\/\/instoreagency.se\/wp-content\/uploads\/2026\/04\/Copilot_20260407_122243.png","contentUrl":"https:\/\/instoreagency.se\/wp-content\/uploads\/2026\/04\/Copilot_20260407_122243.png","width":1536,"height":1024,"caption":"Instore Agency"},"image":{"@id":"https:\/\/instoreagency.se\/#\/schema\/logo\/image\/"}}]}},"_links":{"self":[{"href":"https:\/\/instoreagency.se\/wp-json\/wp\/v2\/pages\/699","targetHints":{"allow":["GET"]}}],"collection":[{"href":"https:\/\/instoreagency.se\/wp-json\/wp\/v2\/pages"}],"about":[{"href":"https:\/\/instoreagency.se\/wp-json\/wp\/v2\/types\/page"}],"author":[{"embeddable":true,"href":"https:\/\/instoreagency.se\/wp-json\/wp\/v2\/users\/1"}],"replies":[{"embeddable":true,"href":"https:\/\/instoreagency.se\/wp-json\/wp\/v2\/comments?post=699"}],"version-history":[{"count":35,"href":"https:\/\/instoreagency.se\/wp-json\/wp\/v2\/pages\/699\/revisions"}],"predecessor-version":[{"id":3416,"href":"https:\/\/instoreagency.se\/wp-json\/wp\/v2\/pages\/699\/revisions\/3416"}],"wp:featuredmedia":[{"embeddable":true,"href":"https:\/\/instoreagency.se\/wp-json\/wp\/v2\/media\/1868"}],"wp:attachment":[{"href":"https:\/\/instoreagency.se\/wp-json\/wp\/v2\/media?parent=699"}],"curies":[{"name":"wp","href":"https:\/\/api.w.org\/{rel}","templated":true}]}}